{"id":2491,"date":"2025-08-31T08:15:13","date_gmt":"2025-08-31T08:15:13","guid":{"rendered":"https:\/\/3qstudio.com\/order\/landing-page\/"},"modified":"2025-10-22T10:05:31","modified_gmt":"2025-10-22T10:05:31","slug":"landing-page","status":"publish","type":"product","link":"https:\/\/3qstudio.com\/de\/order\/landing-page\/","title":{"rendered":"Bestellung Landing Page"},"content":{"rendered":"<ul>\n<li data-start=\"5068\" data-end=\"5292\">Die Landingpage wird speziell f\u00fcr Ihr Unternehmen entwickelt. Wir ber\u00fccksichtigen Ihren Markenstil, Ihre Branche und f\u00fcgen alle erforderlichen Bereiche hinzu (z. B. \u00dcber uns, Vorteile, Kundenbewertungen, Galerie, Kontakt).<\/li>\n<li data-start=\"5295\" data-end=\"5436\">Die Website wird <strong data-start=\"5312\" data-end=\"5342\">vollst\u00e4ndig mobiloptimiert<\/strong> sein. Das ist heutzutage entscheidend \u2013 mehr als die H\u00e4lfte der Besucher nutzt Smartphones.<\/li>\n<li data-start=\"5439\" data-end=\"5638\">Wir garantieren einen <strong data-start=\"5461\" data-end=\"5480\">schnellen Start<\/strong>: In der Regel dauert die Erstellung und Ver\u00f6ffentlichung etwa <strong data-start=\"5543\" data-end=\"5553\">5 Tage<\/strong>. Sie m\u00fcssen also nicht monatelang warten \u2013 <strong data-start=\"5597\" data-end=\"5614\">Schnelligkeit<\/strong> ist unsere Priorit\u00e4t.<\/li>\n<li data-start=\"5641\" data-end=\"5800\">Wir optimieren die Seite f\u00fcr Suchmaschinen (<strong data-start=\"5685\" data-end=\"5698\">Basis-SEO<\/strong>: Schl\u00fcsselw\u00f6rter, Meta-Tags), damit Ihre Landingpage mit der Zeit \u00fcber Google gefunden werden kann.<\/li>\n<li data-start=\"5803\" data-end=\"6024\">Die Landingpage wird <strong data-start=\"5824\" data-end=\"5841\">schnell laden<\/strong> (wir schreiben sauberen Code und optimieren Bilder \u2013 die Seite \u00f6ffnet sich in etwa 2 Sekunden). Eine schnelle Ladezeit ist wichtig, um Besucher zu halten und das SEO zu verbessern.<\/li>\n<li data-start=\"6027\" data-end=\"6222\"><strong data-start=\"6027\" data-end=\"6058\">Keine monatlichen Zahlungen<\/strong> \u2013 der Preis ist festgelegt, es handelt sich um eine <strong data-start=\"6111\" data-end=\"6132\">einmalige Zahlung<\/strong> f\u00fcr eine fertige Website. Nach dem Start sind Sie der <strong data-start=\"6187\" data-end=\"6207\">volle Eigent\u00fcmer<\/strong> Ihrer Seite.<\/li>\n<li data-start=\"6225\" data-end=\"6427\">Wir richten alles Notwendige ein: Ihre Domain (oder helfen Ihnen, eine zu w\u00e4hlen und zu kaufen), Google Analytics (optional), sowie Formulare, die Anfragen direkt an Ihre E-Mail oder Messenger senden.<\/li>\n<li data-start=\"6430\" data-end=\"6632\">Nach Abschluss der Arbeiten bieten wir <strong data-start=\"6469\" data-end=\"6500\">14 Tage kostenlosen Support<\/strong>: kleine \u00c4nderungen oder Hilfestellungen sind inklusive. Wir zeigen Ihnen auch, wie Sie Texte und Bilder selbst bearbeiten k\u00f6nnen.<\/li>\n<\/ul>\n","protected":false},"excerpt":{"rendered":"<p>Die Landingpage wird speziell f\u00fcr Ihr Unternehmen entwickelt. Wir ber\u00fccksichtigen Ihren Markenstil, Ihre Branche und f\u00fcgen alle erforderlichen Bereiche hinzu (z. B. \u00dcber uns, Vorteile, Kundenbewertungen, Galerie, Kontakt). Die Website wird vollst\u00e4ndig mobiloptimiert sein. Das ist heutzutage entscheidend \u2013 mehr als die H\u00e4lfte der Besucher nutzt Smartphones. Wir garantieren einen schnellen Start: In der Regel [&hellip;]<\/p>\n","protected":false},"featured_media":2493,"template":"","meta":[],"product_brand":[],"product_cat":[184],"product_tag":[],"class_list":{"0":"post-2491","1":"product","2":"type-product","3":"status-publish","4":"has-post-thumbnail","6":"product_cat-nicht-kategorisiert","8":"first","9":"instock","10":"virtual","11":"sold-individually","12":"purchasable","13":"product-type-simple"},"yoast_head":"<!-- This site is optimized with the Yoast SEO plugin v26.1.1 - https:\/\/yoast.com\/wordpress\/plugins\/seo\/ -->\n<title>Bestellung Landing Page - 3Q Studio<\/title>\n<meta name=\"robots\" content=\"index, follow, max-snippet:-1, max-image-preview:large, max-video-preview:-1\" \/>\n<link rel=\"canonical\" href=\"https:\/\/3qstudio.com\/de\/order\/landing-page\/\" \/>\n<meta property=\"og:locale\" content=\"de_DE\" \/>\n<meta property=\"og:type\" content=\"article\" \/>\n<meta property=\"og:title\" content=\"Bestellung Landing Page - 3Q Studio\" \/>\n<meta property=\"og:description\" content=\"Die Landingpage wird speziell f\u00fcr Ihr Unternehmen entwickelt. Wir ber\u00fccksichtigen Ihren Markenstil, Ihre Branche und f\u00fcgen alle erforderlichen Bereiche hinzu (z. B. \u00dcber uns, Vorteile, Kundenbewertungen, Galerie, Kontakt). Die Website wird vollst\u00e4ndig mobiloptimiert sein. Das ist heutzutage entscheidend \u2013 mehr als die H\u00e4lfte der Besucher nutzt Smartphones. Wir garantieren einen schnellen Start: In der Regel [&hellip;]\" \/>\n<meta property=\"og:url\" content=\"https:\/\/3qstudio.com\/de\/order\/landing-page\/\" \/>\n<meta property=\"og:site_name\" content=\"3Q Studio\" \/>\n<meta property=\"article:modified_time\" content=\"2025-10-22T10:05:31+00:00\" \/>\n<meta property=\"og:image\" content=\"https:\/\/3qstudio.com\/wp-content\/uploads\/2025\/08\/photo_2025-10-18_11-59-25.jpg\" \/>\n\t<meta property=\"og:image:width\" content=\"1280\" \/>\n\t<meta property=\"og:image:height\" content=\"901\" \/>\n\t<meta property=\"og:image:type\" content=\"image\/jpeg\" \/>\n<meta name=\"twitter:card\" content=\"summary_large_image\" \/>\n<meta name=\"twitter:label1\" content=\"Gesch\u00e4tzte Lesezeit\" \/>\n\t<meta name=\"twitter:data1\" content=\"2\u00a0Minuten\" \/>\n<script type=\"application\/ld+json\" class=\"yoast-schema-graph\">{\"@context\":\"https:\/\/schema.org\",\"@graph\":[{\"@type\":\"WebPage\",\"@id\":\"https:\/\/3qstudio.com\/de\/order\/landing-page\/\",\"url\":\"https:\/\/3qstudio.com\/de\/order\/landing-page\/\",\"name\":\"Bestellung Landing Page - 3Q Studio\",\"isPartOf\":{\"@id\":\"https:\/\/happy-perlman.167-235-11-94.plesk.page\/#website\"},\"primaryImageOfPage\":{\"@id\":\"https:\/\/3qstudio.com\/de\/order\/landing-page\/#primaryimage\"},\"image\":{\"@id\":\"https:\/\/3qstudio.com\/de\/order\/landing-page\/#primaryimage\"},\"thumbnailUrl\":\"https:\/\/3qstudio.com\/wp-content\/uploads\/2025\/08\/photo_2025-10-18_11-59-25.jpg\",\"datePublished\":\"2025-08-31T08:15:13+00:00\",\"dateModified\":\"2025-10-22T10:05:31+00:00\",\"breadcrumb\":{\"@id\":\"https:\/\/3qstudio.com\/de\/order\/landing-page\/#breadcrumb\"},\"inLanguage\":\"de\",\"potentialAction\":[{\"@type\":\"ReadAction\",\"target\":[\"https:\/\/3qstudio.com\/de\/order\/landing-page\/\"]}]},{\"@type\":\"ImageObject\",\"inLanguage\":\"de\",\"@id\":\"https:\/\/3qstudio.com\/de\/order\/landing-page\/#primaryimage\",\"url\":\"https:\/\/3qstudio.com\/wp-content\/uploads\/2025\/08\/photo_2025-10-18_11-59-25.jpg\",\"contentUrl\":\"https:\/\/3qstudio.com\/wp-content\/uploads\/2025\/08\/photo_2025-10-18_11-59-25.jpg\",\"width\":1280,\"height\":901},{\"@type\":\"BreadcrumbList\",\"@id\":\"https:\/\/3qstudio.com\/de\/order\/landing-page\/#breadcrumb\",\"itemListElement\":[{\"@type\":\"ListItem\",\"position\":1,\"name\":\"Home\",\"item\":\"https:\/\/3qstudio.com\/de\/\"},{\"@type\":\"ListItem\",\"position\":2,\"name\":\"Bestellung Landing Page\"}]},{\"@type\":\"WebSite\",\"@id\":\"https:\/\/happy-perlman.167-235-11-94.plesk.page\/#website\",\"url\":\"https:\/\/happy-perlman.167-235-11-94.plesk.page\/\",\"name\":\"3Q Studio\",\"description\":\"Seo optimeerimine, veebilehe tegemine, arendus mobiilirakendus\",\"potentialAction\":[{\"@type\":\"SearchAction\",\"target\":{\"@type\":\"EntryPoint\",\"urlTemplate\":\"https:\/\/happy-perlman.167-235-11-94.plesk.page\/?s={search_term_string}\"},\"query-input\":{\"@type\":\"PropertyValueSpecification\",\"valueRequired\":true,\"valueName\":\"search_term_string\"}}],\"inLanguage\":\"de\"}]}<\/script>\n<!-- \/ Yoast SEO plugin. -->","yoast_head_json":{"title":"Bestellung Landing Page - 3Q Studio","robots":{"index":"index","follow":"follow","max-snippet":"max-snippet:-1","max-image-preview":"max-image-preview:large","max-video-preview":"max-video-preview:-1"},"canonical":"https:\/\/3qstudio.com\/de\/order\/landing-page\/","og_locale":"de_DE","og_type":"article","og_title":"Bestellung Landing Page - 3Q Studio","og_description":"Die Landingpage wird speziell f\u00fcr Ihr Unternehmen entwickelt. Wir ber\u00fccksichtigen Ihren Markenstil, Ihre Branche und f\u00fcgen alle erforderlichen Bereiche hinzu (z. B. \u00dcber uns, Vorteile, Kundenbewertungen, Galerie, Kontakt). Die Website wird vollst\u00e4ndig mobiloptimiert sein. Das ist heutzutage entscheidend \u2013 mehr als die H\u00e4lfte der Besucher nutzt Smartphones. Wir garantieren einen schnellen Start: In der Regel [&hellip;]","og_url":"https:\/\/3qstudio.com\/de\/order\/landing-page\/","og_site_name":"3Q Studio","article_modified_time":"2025-10-22T10:05:31+00:00","og_image":[{"width":1280,"height":901,"url":"https:\/\/3qstudio.com\/wp-content\/uploads\/2025\/08\/photo_2025-10-18_11-59-25.jpg","type":"image\/jpeg"}],"twitter_card":"summary_large_image","twitter_misc":{"Gesch\u00e4tzte Lesezeit":"2\u00a0Minuten"},"schema":{"@context":"https:\/\/schema.org","@graph":[{"@type":"WebPage","@id":"https:\/\/3qstudio.com\/de\/order\/landing-page\/","url":"https:\/\/3qstudio.com\/de\/order\/landing-page\/","name":"Bestellung Landing Page - 3Q Studio","isPartOf":{"@id":"https:\/\/happy-perlman.167-235-11-94.plesk.page\/#website"},"primaryImageOfPage":{"@id":"https:\/\/3qstudio.com\/de\/order\/landing-page\/#primaryimage"},"image":{"@id":"https:\/\/3qstudio.com\/de\/order\/landing-page\/#primaryimage"},"thumbnailUrl":"https:\/\/3qstudio.com\/wp-content\/uploads\/2025\/08\/photo_2025-10-18_11-59-25.jpg","datePublished":"2025-08-31T08:15:13+00:00","dateModified":"2025-10-22T10:05:31+00:00","breadcrumb":{"@id":"https:\/\/3qstudio.com\/de\/order\/landing-page\/#breadcrumb"},"inLanguage":"de","potentialAction":[{"@type":"ReadAction","target":["https:\/\/3qstudio.com\/de\/order\/landing-page\/"]}]},{"@type":"ImageObject","inLanguage":"de","@id":"https:\/\/3qstudio.com\/de\/order\/landing-page\/#primaryimage","url":"https:\/\/3qstudio.com\/wp-content\/uploads\/2025\/08\/photo_2025-10-18_11-59-25.jpg","contentUrl":"https:\/\/3qstudio.com\/wp-content\/uploads\/2025\/08\/photo_2025-10-18_11-59-25.jpg","width":1280,"height":901},{"@type":"BreadcrumbList","@id":"https:\/\/3qstudio.com\/de\/order\/landing-page\/#breadcrumb","itemListElement":[{"@type":"ListItem","position":1,"name":"Home","item":"https:\/\/3qstudio.com\/de\/"},{"@type":"ListItem","position":2,"name":"Bestellung Landing Page"}]},{"@type":"WebSite","@id":"https:\/\/happy-perlman.167-235-11-94.plesk.page\/#website","url":"https:\/\/happy-perlman.167-235-11-94.plesk.page\/","name":"3Q Studio","description":"Seo optimeerimine, veebilehe tegemine, arendus mobiilirakendus","potentialAction":[{"@type":"SearchAction","target":{"@type":"EntryPoint","urlTemplate":"https:\/\/happy-perlman.167-235-11-94.plesk.page\/?s={search_term_string}"},"query-input":{"@type":"PropertyValueSpecification","valueRequired":true,"valueName":"search_term_string"}}],"inLanguage":"de"}]}},"_links":{"self":[{"href":"https:\/\/3qstudio.com\/de\/wp-json\/wp\/v2\/product\/2491","targetHints":{"allow":["GET"]}}],"collection":[{"href":"https:\/\/3qstudio.com\/de\/wp-json\/wp\/v2\/product"}],"about":[{"href":"https:\/\/3qstudio.com\/de\/wp-json\/wp\/v2\/types\/product"}],"wp:featuredmedia":[{"embeddable":true,"href":"https:\/\/3qstudio.com\/de\/wp-json\/wp\/v2\/media\/2493"}],"wp:attachment":[{"href":"https:\/\/3qstudio.com\/de\/wp-json\/wp\/v2\/media?parent=2491"}],"wp:term":[{"taxonomy":"product_brand","embeddable":true,"href":"https:\/\/3qstudio.com\/de\/wp-json\/wp\/v2\/product_brand?post=2491"},{"taxonomy":"product_cat","embeddable":true,"href":"https:\/\/3qstudio.com\/de\/wp-json\/wp\/v2\/product_cat?post=2491"},{"taxonomy":"product_tag","embeddable":true,"href":"https:\/\/3qstudio.com\/de\/wp-json\/wp\/v2\/product_tag?post=2491"}],"curies":[{"name":"wp","href":"https:\/\/api.w.org\/{rel}","templated":true}]}}